{"id":411,"date":"2020-07-14T13:38:02","date_gmt":"2020-07-14T13:38:02","guid":{"rendered":"http:\/\/physio-am-rhein.de\/?page_id=411"},"modified":"2020-08-23T15:29:14","modified_gmt":"2020-08-23T15:29:14","slug":"411-2","status":"publish","type":"page","link":"https:\/\/physio-am-rhein.de\/?page_id=411","title":{"rendered":"Impressum"},"content":{"rendered":"<p>[et_pb_section fb_built=&#8220;1&#8243; admin_label=&#8220;Service Section&#8220; _builder_version=&#8220;4.4.8&#8243; custom_margin=&#8220;|||&#8220; custom_padding=&#8220;0px||0px||false|false&#8220;][et_pb_row column_structure=&#8220;2_5,3_5&#8243; use_custom_gutter=&#8220;on&#8220; gutter_width=&#8220;1&#8243; make_equal=&#8220;on&#8220; module_class=&#8220; et_pb_row_fullwidth&#8220; _builder_version=&#8220;4.4.8&#8243; background_color=&#8220;#ffffff&#8220; background_image=&#8220;http:\/\/physio-am-rhein.de\/wp-content\/uploads\/2020\/06\/physioamrhein_logo.png&#8220; background_size=&#8220;contain&#8220; width=&#8220;100%&#8220; width_tablet=&#8220;100%&#8220; width_phone=&#8220;&#8220; width_last_edited=&#8220;on|desktop&#8220; max_width=&#8220;100%&#8220; max_width_tablet=&#8220;100%&#8220; max_width_phone=&#8220;&#8220; max_width_last_edited=&#8220;on|desktop&#8220; module_alignment=&#8220;left&#8220; height=&#8220;327px&#8220; custom_padding=&#8220;0px||0px|&#8220; animation_style=&#8220;slide&#8220; animation_direction=&#8220;top&#8220; animation_intensity_slide=&#8220;3%&#8220; make_fullwidth=&#8220;on&#8220;][et_pb_column type=&#8220;2_5&#8243; _builder_version=&#8220;3.25&#8243; custom_padding=&#8220;10%|8%|10%|8%&#8220; custom_padding__hover=&#8220;|||&#8220;][\/et_pb_column][et_pb_column type=&#8220;3_5&#8243; _builder_version=&#8220;4.4.8&#8243; background_enable_image=&#8220;off&#8220;][\/et_pb_column][\/et_pb_row][et_pb_row _builder_version=&#8220;4.4.8&#8243; border_width_bottom=&#8220;2px&#8220; border_color_bottom=&#8220;#e09900&#8243;][et_pb_column type=&#8220;4_4&#8243; _builder_version=&#8220;4.4.8&#8243;][et_pb_text _builder_version=&#8220;4.4.8&#8243; text_font=&#8220;|600|||||||&#8220; text_font_size=&#8220;48px&#8220; header_font=&#8220;||||||||&#8220;]Impressum[\/et_pb_text][\/et_pb_column][\/et_pb_row][et_pb_row column_structure=&#8220;1_2,1_2&#8243; admin_label=&#8220;Service Section Title&#8220; _builder_version=&#8220;4.4.8&#8243; custom_margin=&#8220;||40px|&#8220; animation_style=&#8220;fade&#8220; animation_direction=&#8220;top&#8220; saved_tabs=&#8220;all&#8220;][et_pb_column type=&#8220;1_2&#8243; _builder_version=&#8220;3.25&#8243; custom_padding=&#8220;|||&#8220; custom_padding__hover=&#8220;|||&#8220;][et_pb_text _builder_version=&#8220;4.4.8&#8243; text_font=&#8220;Montserrat||||||||&#8220; text_font_size=&#8220;15px&#8220; text_line_height=&#8220;1.8em&#8220;]<\/p>\n<div class=\"col-sm-5 col-md-5\"><\/div>\n<div class=\"col-sm-5 col-md-5\">\n<h6><span color=\"#666666\" face=\"Montserrat, Helvetica, Arial, Lucida, sans-serif\" style=\"color: #666666; font-family: Montserrat, Helvetica, Arial, Lucida, sans-serif;\"><span style=\"caret-color: #666666; font-size: 15px;\">Physio am Rhein<\/span><\/span><\/h6>\n<p><span color=\"#666666\" face=\"Montserrat, Helvetica, Arial, Lucida, sans-serif\" style=\"color: #666666; font-family: Montserrat, Helvetica, Arial, Lucida, sans-serif;\"><span style=\"caret-color: #666666; font-size: 15px;\"><\/span><\/span><\/p>\n<h6><span style=\"font-size: 15px; font-family: Montserrat, Helvetica, Arial, Lucida, sans-serif; color: #666666;\">Tim Lindenlauf<\/span><\/h6>\n<p>Cyriakusplatz 3<\/p>\n<p>41468 Neuss<\/p>\n<p>Telefon: 0<strong>2131 \u2022 338 70<\/strong><\/p>\n<p>E-Mail: <a href=\"mailto:duesseldorf@top-physio.com\">info@physio-am-rhein.de<\/a><\/p>\n<p><strong>Aufsichtsbeh\u00f6rde:<br \/><\/strong><span>Gesundheitsamt Rhein-Kreis Neuss<\/span><br \/><span>Auf der Schanze 1<\/span><br \/><span>41515 Grevenbroich<\/span><\/p>\n<p><b>Steuer ID<\/b><\/p>\n<p>122\/5383\/5278<b><\/b><\/p>\n<p><b><\/b><\/p>\n<hr \/>\n<\/div>\n<div p=\"\">\n<p><strong>Haftungshinweis:<\/strong><\/p>\n<p><strong>Inhalte dieser Website<\/strong><br \/> Die Inhalte dieser Website werden mit gr\u00f6\u00dftm\u00f6glicher Sorgfalt erstellt. Der Anbieter \u00fcbernimmt jedoch keine Gew\u00e4hr f\u00fcr die Richtigkeit, Vollst\u00e4ndigkeit und Aktualit\u00e4t der bereitgestellten Inhalte. Die Nutzung der Inhalte der Website erfolgt auf eigene Gefahr des Nutzers.<\/p>\n<p>&nbsp;<\/p>\n<p><strong>Verf\u00fcgbarkeit der Website<\/strong><br \/> Der Anbieter wird sich bem\u00fchen, den Dienst m\u00f6glichst unterbrechungsfrei zum Abruf anzubieten. Auch bei aller Sorgfalt k\u00f6nnen aber Ausfallzeiten nicht ausgeschlossen werden. Der Anbieter beh\u00e4lt sich das Recht vor, sein Angebot jederzeit zu \u00e4ndern oder einzustellen.<\/p>\n<p><strong>Externe Links<\/strong><br \/> Diese Website enth\u00e4lt Verkn\u00fcpfungen zu Websites Dritter (&#8222;externe Links&#8220;). Diese Websites unterliegen der Haftung der jeweiligen Betreiber.<\/p>\n<p>&nbsp;<\/p>\n<p>&nbsp;<\/p>\n<p>&nbsp;<\/p>\n<\/div>\n<p>[\/et_pb_text][\/et_pb_column][et_pb_column type=&#8220;1_2&#8243; _builder_version=&#8220;4.4.8&#8243;][et_pb_text _builder_version=&#8220;4.4.8&#8243; text_font=&#8220;Montserrat||||||||&#8220; text_font_size=&#8220;15px&#8220; text_line_height=&#8220;1.8em&#8220;]<\/p>\n<div class=\"col-sm-5 col-md-5\">\n<p><strong>Urheber- und Leistungsschutzrechte:<\/strong><br \/> Die auf dieser Website ver\u00f6ffentlichten Inhalte unterliegen dem deutschen Urheber- und Leistungsschutzrecht. Jede vom deutschen Urheber- und Leistungsschutzrecht nicht zugelassene Verwertung bedarf der vorherigen schriftlichen Zustimmung des Anbieters oder jeweiligen Rechteinhabers. Dies gilt insbesondere f\u00fcr Vervielf\u00e4ltigung, Bearbeitung, \u00dcbersetzung, Einspeicherung, Verarbeitung bzw. Wiedergabe von Inhalten in Datenbanken oder anderen elektronischen Medien und Systemen. Inhalte und Rechte Dritter sind dabei als solche gekennzeichnet.<\/p>\n<p>Die unerlaubte Vervielf\u00e4ltigung oder Weitergabe einzelner Inhalte oder kompletter Seiten ist nicht gestattet und strafbar. Lediglich die Herstellung von Kopien und Downloads f\u00fcr den pers\u00f6nlichen, privaten und nicht kommerziellen Gebrauch ist erlaubt. Links zur Website des Anbieters sind jederzeit willkommen und bed\u00fcrfen keiner Zustimmung durch den Anbieter der Website. Die Darstellung dieser Website in fremden Frames ist nur mit Erlaubnis zul\u00e4ssig.<\/p>\n<p>Bildnachweise:<\/p>\n<p>Kontakseite:<br \/> Bildnachweise:<\/p>\n<p>vintage rotary phone &#8211;\u00a0Depositphotos_71978857_l-2015 &#8211; \u00ae<i class=\"search-info__level icon icon-level-silver _level-tooltip\"><\/i><strong>manera<br \/><\/strong><span> <\/span><\/p>\n<p><strong><\/strong><\/p>\n<\/div>\n<div p=\"\"><\/div>\n<p>[\/et_pb_text][et_pb_text admin_label=&#8220;Subtitle&#8220; _builder_version=&#8220;4.4.8&#8243; text_font=&#8220;Montserrat||||&#8220; text_text_color=&#8220;#6b6b6b&#8220; text_font_size=&#8220;16px&#8220; text_line_height=&#8220;1.8em&#8220; link_text_color=&#8220;#e06100&#8243; header_font=&#8220;||||||||&#8220; text_orientation=&#8220;center&#8220; max_width=&#8220;700px&#8220; module_alignment=&#8220;center&#8220; custom_margin=&#8220;|||&#8220; animation_style=&#8220;slide&#8220; animation_direction=&#8220;bottom&#8220; animation_delay=&#8220;100ms&#8220; animation_intensity_slide=&#8220;4%&#8220; inline_fonts=&#8220;Comfortaa,Dr Sugiyama&#8220;][\/et_pb_text][\/et_pb_column][\/et_pb_row][\/et_pb_section]<\/p>\n","protected":false},"excerpt":{"rendered":"<p>[et_pb_section fb_built=&#8220;1&#8243; admin_label=&#8220;Service Section&#8220; _builder_version=&#8220;4.4.8&#8243; custom_margin=&#8220;|||&#8220; custom_padding=&#8220;0px||0px||false|false&#8220;][et_pb_row column_structure=&#8220;2_5,3_5&#8243; use_custom_gutter=&#8220;on&#8220; gutter_width=&#8220;1&#8243; make_equal=&#8220;on&#8220; module_class=&#8220; et_pb_row_fullwidth&#8220; _builder_version=&#8220;4.4.8&#8243; background_color=&#8220;#ffffff&#8220; background_image=&#8220;http:\/\/physio-am-rhein.de\/wp-content\/uploads\/2020\/06\/physioamrhein_logo.png&#8220; background_size=&#8220;contain&#8220; width=&#8220;100%&#8220; width_tablet=&#8220;100%&#8220; width_phone=&#8220;&#8220; width_last_edited=&#8220;on|desktop&#8220; max_width=&#8220;100%&#8220; max_width_tablet=&#8220;100%&#8220; max_width_phone=&#8220;&#8220; max_width_last_edited=&#8220;on|desktop&#8220; module_alignment=&#8220;left&#8220; height=&#8220;327px&#8220; custom_padding=&#8220;0px||0px|&#8220; animation_style=&#8220;slide&#8220; animation_direction=&#8220;top&#8220; animation_intensity_slide=&#8220;3%&#8220; make_fullwidth=&#8220;on&#8220;][et_pb_column type=&#8220;2_5&#8243; _builder_version=&#8220;3.25&#8243; custom_padding=&#8220;10%|8%|10%|8%&#8220; custom_padding__hover=&#8220;|||&#8220;][\/et_pb_column][et_pb_column type=&#8220;3_5&#8243; _builder_version=&#8220;4.4.8&#8243; background_enable_image=&#8220;off&#8220;][\/et_pb_column][\/et_pb_row][et_pb_row _builder_version=&#8220;4.4.8&#8243; border_width_bottom=&#8220;2px&#8220; border_color_bottom=&#8220;#e09900&#8243;][et_pb_column type=&#8220;4_4&#8243; _builder_version=&#8220;4.4.8&#8243;][et_pb_text _builder_version=&#8220;4.4.8&#8243; text_font=&#8220;|600|||||||&#8220; text_font_size=&#8220;48px&#8220; header_font=&#8220;||||||||&#8220;]Impressum[\/et_pb_text][\/et_pb_column][\/et_pb_row][et_pb_row column_structure=&#8220;1_2,1_2&#8243; admin_label=&#8220;Service Section Title&#8220; _builder_version=&#8220;4.4.8&#8243; custom_margin=&#8220;||40px|&#8220; animation_style=&#8220;fade&#8220; [&hellip;]<\/p>\n","protected":false},"author":1,"featured_media":0,"parent":0,"menu_order":0,"comment_status":"closed","ping_status":"closed","template":"","meta":{"_et_pb_use_builder":"on","_et_pb_old_content":"","_et_gb_content_width":"","footnotes":""},"class_list":["post-411","page","type-page","status-publish","hentry"],"_links":{"self":[{"href":"https:\/\/physio-am-rhein.de\/index.php?rest_route=\/wp\/v2\/pages\/411","targetHints":{"allow":["GET"]}}],"collection":[{"href":"https:\/\/physio-am-rhein.de\/index.php?rest_route=\/wp\/v2\/pages"}],"about":[{"href":"https:\/\/physio-am-rhein.de\/index.php?rest_route=\/wp\/v2\/types\/page"}],"author":[{"embeddable":true,"href":"https:\/\/physio-am-rhein.de\/index.php?rest_route=\/wp\/v2\/users\/1"}],"replies":[{"embeddable":true,"href":"https:\/\/physio-am-rhein.de\/index.php?rest_route=%2Fwp%2Fv2%2Fcomments&post=411"}],"version-history":[{"count":6,"href":"https:\/\/physio-am-rhein.de\/index.php?rest_route=\/wp\/v2\/pages\/411\/revisions"}],"predecessor-version":[{"id":509,"href":"https:\/\/physio-am-rhein.de\/index.php?rest_route=\/wp\/v2\/pages\/411\/revisions\/509"}],"wp:attachment":[{"href":"https:\/\/physio-am-rhein.de\/index.php?rest_route=%2Fwp%2Fv2%2Fmedia&parent=411"}],"curies":[{"name":"wp","href":"https:\/\/api.w.org\/{rel}","templated":true}]}}