{"id":273,"date":"2020-07-02T09:45:10","date_gmt":"2020-07-02T09:45:10","guid":{"rendered":"http:\/\/physio-am-rhein.de\/?page_id=273"},"modified":"2021-09-01T11:08:15","modified_gmt":"2021-09-01T11:08:15","slug":"automatisch-gespeicherter-entwurf-2","status":"publish","type":"page","link":"https:\/\/physio-am-rhein.de\/?page_id=273","title":{"rendered":"Jobs"},"content":{"rendered":"<p>[et_pb_section fb_built=&#8220;1&#8243; admin_label=&#8220;Service Section&#8220; _builder_version=&#8220;4.4.8&#8243; custom_margin=&#8220;|||&#8220; custom_padding=&#8220;0px||0px||false|false&#8220;][et_pb_row use_custom_gutter=&#8220;on&#8220; gutter_width=&#8220;1&#8243; make_equal=&#8220;on&#8220; module_class=&#8220; et_pb_row_fullwidth&#8220; _builder_version=&#8220;4.4.8&#8243; background_color=&#8220;rgba(0,0,0,0)&#8220; background_image=&#8220;http:\/\/physio-am-rhein.de\/wp-content\/uploads\/2020\/09\/Depositphotos_251777354_xl-2015-scaled.jpg&#8220; background_position=&#8220;top_right&#8220; width=&#8220;100%&#8220; width_tablet=&#8220;100%&#8220; width_phone=&#8220;&#8220; width_last_edited=&#8220;on|desktop&#8220; max_width=&#8220;100%&#8220; max_width_tablet=&#8220;100%&#8220; max_width_phone=&#8220;&#8220; max_width_last_edited=&#8220;on|desktop&#8220; module_alignment=&#8220;left&#8220; height=&#8220;800px&#8220; custom_padding=&#8220;0px||0px|&#8220; animation_style=&#8220;slide&#8220; animation_direction=&#8220;top&#8220; animation_intensity_slide=&#8220;3%&#8220; make_fullwidth=&#8220;on&#8220;][et_pb_column type=&#8220;4_4&#8243; _builder_version=&#8220;3.25&#8243; custom_padding=&#8220;10%|8%|10%|8%&#8220; custom_padding__hover=&#8220;|||&#8220;][\/et_pb_column][\/et_pb_row][et_pb_row column_structure=&#8220;1_2,1_2&#8243; admin_label=&#8220;Service Section Title&#8220; _builder_version=&#8220;4.4.8&#8243; custom_margin=&#8220;||40px|&#8220; animation_style=&#8220;fade&#8220; animation_direction=&#8220;top&#8220; saved_tabs=&#8220;all&#8220;][et_pb_column type=&#8220;1_2&#8243; _builder_version=&#8220;3.25&#8243; custom_padding=&#8220;|||&#8220; custom_padding__hover=&#8220;|||&#8220;][et_pb_image src=&#8220;http:\/\/physio-am-rhein.de\/wp-content\/uploads\/2016\/05\/physioamrhein_logo.png&#8220; title_text=&#8220;physioamrhein_logo&#8220; align=&#8220;center&#8220; disabled_on=&#8220;on|off|off&#8220; _builder_version=&#8220;4.4.8&#8243; module_alignment=&#8220;left&#8220; max_height=&#8220;400px&#8220;][\/et_pb_image][\/et_pb_column][et_pb_column type=&#8220;1_2&#8243; _builder_version=&#8220;3.25&#8243; custom_padding=&#8220;|||&#8220; custom_padding__hover=&#8220;|||&#8220;][et_pb_text admin_label=&#8220;Subtitle&#8220; _builder_version=&#8220;4.4.8&#8243; text_font=&#8220;Montserrat||||&#8220; text_text_color=&#8220;#747d88&#8243; text_font_size=&#8220;16px&#8220; text_line_height=&#8220;1.8em&#8220; header_font=&#8220;||||||||&#8220; text_orientation=&#8220;center&#8220; max_width=&#8220;700px&#8220; module_alignment=&#8220;center&#8220; custom_margin=&#8220;|||&#8220; custom_padding=&#8220;0px|||||&#8220; animation_style=&#8220;slide&#8220; animation_direction=&#8220;bottom&#8220; animation_delay=&#8220;100ms&#8220; animation_intensity_slide=&#8220;4%&#8220; inline_fonts=&#8220;Comfortaa,Dr Sugiyama&#8220;]<\/p>\n<p style=\"text-align: left;\"><strong>Wir suchen Dich!<\/strong><\/p>\n<p style=\"text-align: left;\"><span>F\u00fcr unsere Praxis in Neuss \/ Grimlinghausen suchen wir zum n\u00e4chstm\u00f6glichen Zeitpunkt eine\/n neue\/n qualifizierte\/n Physiotherapeut\/in. <\/span><\/p>\n<p><span>Daf\u00fcr w\u00fcnschen wir uns eine(n) freundliche(n), motivierte(n) und zuverl\u00e4ssige(n) Kollegin\/Kollegen in Vollzeit oder Teilzeit.<\/span><\/p>\n<p><strong>Warum solltest Du Dich bei uns bewerben? <\/strong><strong>Ganz einfach:<\/strong><\/p>\n<p><span><\/span><\/p>\n<ul>\n<li style=\"text-align: left;\"><span>wir gehen bestm\u00f6glich auf Dich ein und unterst\u00fctzen Dich in deiner beruflichen Weiterentwicklung<\/span><br \/> <span><\/span><\/li>\n<li style=\"text-align: left;\"><span>bei uns hast Du die M\u00f6glichkeit selbstst\u00e4ndig zu arbeiten und hast ein hohes Mitspracherecht (z.B. bei Deinem Terminplan oder Deinen Arbeitszeiten)<\/span><br \/> <span><\/span><\/li>\n<li style=\"text-align: left;\"><span>wir bieten ein breites Behandlungsspektrum indem Du Dich individuell entfalten kannst<\/span><br \/> <span><\/span><\/li>\n<li style=\"text-align: left;\"><span>auch Berufsanf\u00e4nger sind herzlich willkommen<\/span><br \/> <span><\/span><\/li>\n<li style=\"text-align: left;\"><span>In unserer Praxis genie\u00dfen wir ein famili\u00e4res und entspanntes Arbeitsklima.\u00a0<\/span><br \/> <span><\/span><\/li>\n<li style=\"text-align: left;\"><span>Uns ist wichtig, dass sich unsere Mitarbeiter bei uns wohlf\u00fchlen.<\/span><\/li>\n<\/ul>\n<p style=\"text-align: left;\"><span>Wir sind eine kleine Praxis in Neuss &#8211; Grimlinghausen.<\/span><br \/> <span>Die Praxis besteht aus mehreren Behandlungsr\u00e4umen und einem Trainingsraum.<\/span><br \/> <span>Wir behandeln Patienten jeden Alters, von Kopf bis Fu\u00df und in s\u00e4mtlichen Fachbereichen.<\/span><br \/> <span>Wir legen Wert auf eine ganzheitliche Therapie und bieten neben der Krankengymnastik auch manuelle Therapie, MLD, Bobath f\u00fcr Erwachsene und Kinder, PNF, CMD, Taping und Hausbesuche an.<\/span><br \/> <span>Wir pflegen einen guten Kontakt zu den ans\u00e4ssigen \u00c4rzten und dem nahegelegenen Seniorenheim.<\/span><\/p>\n<p style=\"text-align: left;\"><span>Haben wir Dein Interesse geweckt?!<\/span><\/p>\n<p style=\"text-align: left;\"><span>Dann melde Dich doch einfach telefonisch oder per E-Mail bei uns:<\/span><br \/> <strong>Tel.: 02131 &#8211; 33 8 70<\/strong><br \/><strong> E-Mail: <a href=\"mailto:info@physio-am-rhein.de\">info@physio-am-rhein.de<\/a><\/strong><\/p>\n<p style=\"text-align: left;\"><strong>Wir freuen uns auf dich,<\/strong><\/p>\n<p style=\"text-align: left;\"><strong>Tim Lindenlauf und das Team der Physio am Rhein<\/strong><\/p>\n<p>&nbsp;<\/p>\n<p>[\/et_pb_text][\/et_pb_column][\/et_pb_row][\/et_pb_section]<\/p>\n","protected":false},"excerpt":{"rendered":"<p>[et_pb_section fb_built=&#8220;1&#8243; admin_label=&#8220;Service Section&#8220; _builder_version=&#8220;4.4.8&#8243; custom_margin=&#8220;|||&#8220; custom_padding=&#8220;0px||0px||false|false&#8220;][et_pb_row use_custom_gutter=&#8220;on&#8220; gutter_width=&#8220;1&#8243; make_equal=&#8220;on&#8220; module_class=&#8220; et_pb_row_fullwidth&#8220; _builder_version=&#8220;4.4.8&#8243; background_color=&#8220;rgba(0,0,0,0)&#8220; background_image=&#8220;http:\/\/physio-am-rhein.de\/wp-content\/uploads\/2020\/09\/Depositphotos_251777354_xl-2015-scaled.jpg&#8220; background_position=&#8220;top_right&#8220; width=&#8220;100%&#8220; width_tablet=&#8220;100%&#8220; width_phone=&#8220;&#8220; width_last_edited=&#8220;on|desktop&#8220; max_width=&#8220;100%&#8220; max_width_tablet=&#8220;100%&#8220; max_width_phone=&#8220;&#8220; max_width_last_edited=&#8220;on|desktop&#8220; module_alignment=&#8220;left&#8220; height=&#8220;800px&#8220; custom_padding=&#8220;0px||0px|&#8220; animation_style=&#8220;slide&#8220; animation_direction=&#8220;top&#8220; animation_intensity_slide=&#8220;3%&#8220; make_fullwidth=&#8220;on&#8220;][et_pb_column type=&#8220;4_4&#8243; _builder_version=&#8220;3.25&#8243; custom_padding=&#8220;10%|8%|10%|8%&#8220; custom_padding__hover=&#8220;|||&#8220;][\/et_pb_column][\/et_pb_row][et_pb_row column_structure=&#8220;1_2,1_2&#8243; admin_label=&#8220;Service Section Title&#8220; _builder_version=&#8220;4.4.8&#8243; custom_margin=&#8220;||40px|&#8220; animation_style=&#8220;fade&#8220; animation_direction=&#8220;top&#8220; saved_tabs=&#8220;all&#8220;][et_pb_column type=&#8220;1_2&#8243; _builder_version=&#8220;3.25&#8243; custom_padding=&#8220;|||&#8220; custom_padding__hover=&#8220;|||&#8220;][et_pb_image src=&#8220;http:\/\/physio-am-rhein.de\/wp-content\/uploads\/2016\/05\/physioamrhein_logo.png&#8220; title_text=&#8220;physioamrhein_logo&#8220; align=&#8220;center&#8220; disabled_on=&#8220;on|off|off&#8220; _builder_version=&#8220;4.4.8&#8243; module_alignment=&#8220;left&#8220; max_height=&#8220;400px&#8220;][\/et_pb_image][\/et_pb_column][et_pb_column [&hellip;]<\/p>\n","protected":false},"author":4,"featured_media":0,"parent":0,"menu_order":0,"comment_status":"closed","ping_status":"closed","template":"","meta":{"_et_pb_use_builder":"on","_et_pb_old_content":"","_et_gb_content_width":"","footnotes":""},"class_list":["post-273","page","type-page","status-publish","hentry"],"_links":{"self":[{"href":"https:\/\/physio-am-rhein.de\/index.php?rest_route=\/wp\/v2\/pages\/273","targetHints":{"allow":["GET"]}}],"collection":[{"href":"https:\/\/physio-am-rhein.de\/index.php?rest_route=\/wp\/v2\/pages"}],"about":[{"href":"https:\/\/physio-am-rhein.de\/index.php?rest_route=\/wp\/v2\/types\/page"}],"author":[{"embeddable":true,"href":"https:\/\/physio-am-rhein.de\/index.php?rest_route=\/wp\/v2\/users\/4"}],"replies":[{"embeddable":true,"href":"https:\/\/physio-am-rhein.de\/index.php?rest_route=%2Fwp%2Fv2%2Fcomments&post=273"}],"version-history":[{"count":12,"href":"https:\/\/physio-am-rhein.de\/index.php?rest_route=\/wp\/v2\/pages\/273\/revisions"}],"predecessor-version":[{"id":575,"href":"https:\/\/physio-am-rhein.de\/index.php?rest_route=\/wp\/v2\/pages\/273\/revisions\/575"}],"wp:attachment":[{"href":"https:\/\/physio-am-rhein.de\/index.php?rest_route=%2Fwp%2Fv2%2Fmedia&parent=273"}],"curies":[{"name":"wp","href":"https:\/\/api.w.org\/{rel}","templated":true}]}}