{"id":198,"date":"2020-06-24T15:33:35","date_gmt":"2020-06-24T15:33:35","guid":{"rendered":"http:\/\/physio-am-rhein.de\/?page_id=198"},"modified":"2021-09-02T20:05:05","modified_gmt":"2021-09-02T20:05:05","slug":"automatisch-gespeicherter-entwurf","status":"publish","type":"page","link":"https:\/\/physio-am-rhein.de\/?page_id=198","title":{"rendered":"Leistungen"},"content":{"rendered":"<p>[et_pb_section fb_built=&#8220;1&#8243; admin_label=&#8220;Service Section&#8220; _builder_version=&#8220;4.4.8&#8243; custom_margin=&#8220;|||&#8220; custom_padding=&#8220;0px||0px||false|false&#8220;][et_pb_row use_custom_gutter=&#8220;on&#8220; gutter_width=&#8220;1&#8243; make_equal=&#8220;on&#8220; module_class=&#8220; et_pb_row_fullwidth&#8220; _builder_version=&#8220;4.4.8&#8243; background_color=&#8220;#e09900&#8243; background_image=&#8220;http:\/\/physio-am-rhein.de\/wp-content\/uploads\/2020\/07\/Depositphotos_121067600_l-2015.jpg&#8220; width=&#8220;100%&#8220; width_tablet=&#8220;100%&#8220; width_phone=&#8220;&#8220; width_last_edited=&#8220;on|desktop&#8220; max_width=&#8220;100%&#8220; max_width_tablet=&#8220;100%&#8220; max_width_phone=&#8220;&#8220; max_width_last_edited=&#8220;on|desktop&#8220; module_alignment=&#8220;left&#8220; height=&#8220;800px&#8220; custom_padding=&#8220;0px||0px|&#8220; animation_style=&#8220;slide&#8220; animation_direction=&#8220;top&#8220; animation_intensity_slide=&#8220;3%&#8220; make_fullwidth=&#8220;on&#8220;][et_pb_column type=&#8220;4_4&#8243; _builder_version=&#8220;3.25&#8243; custom_padding=&#8220;10%|8%|10%|8%&#8220; custom_padding__hover=&#8220;|||&#8220;][et_pb_sidebar _builder_version=&#8220;4.4.8&#8243;][\/et_pb_sidebar][\/et_pb_column][\/et_pb_row][et_pb_row column_structure=&#8220;1_4,3_4&#8243; _builder_version=&#8220;4.4.8&#8243;][et_pb_column type=&#8220;1_4&#8243; _builder_version=&#8220;4.4.8&#8243;][\/et_pb_column][et_pb_column type=&#8220;3_4&#8243; _builder_version=&#8220;4.4.8&#8243;][et_pb_image src=&#8220;http:\/\/physio-am-rhein.de\/wp-content\/uploads\/2020\/07\/Massagem\u00e4nnchen.jpg&#8220; title_text=&#8220;Massagem\u00e4nnchen&#8220; _builder_version=&#8220;4.4.8&#8243;][\/et_pb_image][\/et_pb_column][\/et_pb_row][et_pb_row column_structure=&#8220;1_4,3_4&#8243; admin_label=&#8220;Service Section Title&#8220; _builder_version=&#8220;4.4.8&#8243; custom_margin=&#8220;||40px|&#8220; animation_style=&#8220;fade&#8220; animation_direction=&#8220;top&#8220; saved_tabs=&#8220;all&#8220;][et_pb_column type=&#8220;1_4&#8243; _builder_version=&#8220;3.25&#8243; custom_padding=&#8220;|||&#8220; custom_padding__hover=&#8220;|||&#8220;][et_pb_image src=&#8220;http:\/\/physio-am-rhein.de\/wp-content\/uploads\/2016\/05\/physioamrhein_logo.png&#8220; title_text=&#8220;physioamrhein_logo&#8220; align=&#8220;center&#8220; disabled_on=&#8220;on|off|off&#8220; _builder_version=&#8220;4.4.8&#8243; module_alignment=&#8220;center&#8220; max_height=&#8220;400px&#8220;][\/et_pb_image][\/et_pb_column][et_pb_column type=&#8220;3_4&#8243; _builder_version=&#8220;3.25&#8243; custom_padding=&#8220;|||&#8220; custom_padding__hover=&#8220;|||&#8220;][et_pb_text admin_label=&#8220;Subtitle&#8220; _builder_version=&#8220;4.4.8&#8243; text_font=&#8220;Montserrat||||&#8220; text_text_color=&#8220;#6b6b6b&#8220; text_font_size=&#8220;20px&#8220; text_line_height=&#8220;1.8em&#8220; header_font=&#8220;||||||||&#8220; text_orientation=&#8220;center&#8220; max_width=&#8220;700px&#8220; module_alignment=&#8220;center&#8220; custom_margin=&#8220;|||&#8220; animation_style=&#8220;slide&#8220; animation_direction=&#8220;bottom&#8220; animation_delay=&#8220;100ms&#8220; animation_intensity_slide=&#8220;4%&#8220; hover_enabled=&#8220;0&#8243; inline_fonts=&#8220;Comfortaa,Dr Sugiyama&#8220;]<\/p>\n<p style=\"text-align: left;\"><span style=\"font-size: x-large;\"><b>Unsere Leistungen<\/b><\/span><\/p>\n<p style=\"text-align: left;\">Ihre Gesundheit steht bei uns im Mittelpunkt. Wir m\u00f6chten Ihr Bewusstsein f\u00fcr den eigenen K\u00f6rper wieder schulen und\u00a0<span class=\"Apple-converted-space\">gemeinsam mit Ihnen an Ihrer Genesung und Fitness arbeiten.<br \/> <\/span><span style=\"font-size: 20px;\">Dabei setzen wir auf ganzheitliche Therapie, die sowohl Ihre Gesundheit, als auch Ihre Lebensqualit\u00e4t verbessert.<br \/> <\/span><span style=\"font-size: 20px;\">Ihre Fragen beantworten wir gerne telefonisch.<\/span><span style=\"font-size: 20px; text-align: center;\">\u00a0<\/span><\/p>\n<p style=\"text-align: left;\"><b>Unsere Therapien und Anwendungen zum nachlesen:<\/b><span style=\"font-size: 20px; text-align: center;\">\u00a0<\/span><span style=\"font-size: 20px; text-align: center;\">\u00a0<\/span><\/p>\n<ul style=\"text-align: left;\">\n<li><span style=\"color: #000000;\"><strong><a href=\"\/#1\" style=\"color: #000000;\">Krankengymnastik<\/a><\/strong><\/span><\/li>\n<li><span style=\"color: #000000;\"><strong><a href=\"\/#2\" style=\"color: #000000;\">Manuelle Therapie<\/a><\/strong><\/span><\/li>\n<li><span style=\"color: #000000;\"><strong><a href=\"\/#3\" style=\"color: #000000;\">Manuelle Lymphdrainage<\/a><\/strong><\/span><\/li>\n<li><span style=\"color: #000000;\"><strong><a href=\"\/#4\" style=\"color: #000000;\">KG-ZNS Erwachsene (Bobath\/PNF)<br \/> <\/a><\/strong><\/span><\/li>\n<li><span style=\"color: #000000;\"><strong><a href=\"\/#5\" style=\"color: #000000;\">KG-ZNS Kinder (Bobath f\u00fcr S\u00e4uglinge und Kinder)<\/a><\/strong><\/span><\/li>\n<li><span style=\"color: #000000;\"><strong><a href=\"\/#6\" style=\"color: #000000;\">Kinesio Taping<\/a><\/strong><\/span><\/li>\n<li><span style=\"color: #000000;\"><strong><a href=\"\/#7\" style=\"color: #000000;\">CMD &#8211; Behandlung<\/a><\/strong><\/span><\/li>\n<li><span style=\"color: #000000;\"><strong><a href=\"\/#8\" style=\"color: #000000;\">Klassische Massage<\/a><\/strong><\/span><\/li>\n<li><span style=\"color: #000000;\"><strong><a href=\"\/#9\" style=\"color: #000000;\">W\u00e4rmetherapie (Fango &amp; Hei\u00dfluft)<\/a><\/strong><\/span><\/li>\n<li><span style=\"color: #000000;\"><strong>Hausbesuche<\/strong><\/span><span style=\"font-size: 20px; text-align: center;\">\u00a0<\/span><\/li>\n<\/ul>\n<p style=\"text-align: left;\"><span style=\"color: #ea7900;\"><strong>Krankengymnasti<\/strong><b>k<\/b><\/span><span style=\"font-size: 20px; text-align: center;\">\u00a0<\/span><\/p>\n<p style=\"text-align: left;\">Die Krankengymnastik umfasst sowohl aktive als auch passive Therapieformen.\u00a0Bewegungs- und Funktionseinschr\u00e4nkungen des K\u00f6rpers sollen<span class=\"Apple-converted-space\">\u00a0<\/span>durch gezielte Techniken und \u00dcbungen mit oder ohne Ger\u00e4te behoben, bzw. verringert werden.<\/p>\n<p style=\"text-align: left;\"><b style=\"font-size: 20px;\">Ziele der allgemeinen Krankengymnastik sind:<\/b><span style=\"font-size: 20px; text-align: center;\">\u00a0<\/span><\/p>\n<ul style=\"text-align: left;\">\n<li>F\u00f6rderung\/Verbesserung der Beweglichkeit durch aktive\u00a0<span style=\"font-size: 16px; text-align: center;\">passive<\/span>\u00a0<span style=\"font-size: 16px; text-align: center;\">und funktionelle \u00a0 \u00dcbungen<\/span><span style=\"font-size: 16px; text-align: center;\">\u00a0Vermeidung von Kontrakturen\/Versteifungen<\/span><\/li>\n<li><span style=\"font-size: 16px;\">Schmerzlinderung<\/span><\/li>\n<li><span style=\"font-size: 16px;\">Aufbau geschw\u00e4chter Muskulatur durch kr\u00e4ftigende \u00dcbungen<\/span><span style=\"font-size: 16px; text-align: center;\">\u00a0<\/span><span style=\"font-size: 16px;\">zur Haltungs- und Koordinationsverbesserung<\/span><\/li>\n<li><span style=\"font-size: 16px;\">allgemeine Verbesserung der k\u00f6rperlichen Funktionen zur<\/span><span style=\"font-size: 16px; text-align: center;\">\u00a0<\/span><span style=\"font-size: 16px;\">Verbesserung der Mobilit\u00e4t, Kraft, Ausdauer und Koordination<\/span><\/li>\n<li><span style=\"font-size: 16px;\">Entspannungs\u00fcbungen\/ Weichteiltechniken bei verspannten\u00a0<\/span><span style=\"font-size: 16px;\">Muskeln, um optimale muskul\u00e4re Voraussetzungen zu schaffen<\/span><\/li>\n<li><span style=\"font-size: 16px; text-align: left;\">Erleichterung und Verbesserung der Atmung durch gezielte <\/span><span style=\"font-size: 16px; text-align: left;\">Atemtherapie (Lockerung, Kr\u00e4ftigung der Atemmuskulatur,<\/span><span style=\"font-size: 16px;\">\u00a0<\/span><span style=\"font-size: 16px; text-align: left;\">Sekretl\u00f6sung).<\/span><span style=\"font-size: 20px; text-align: center;\">\u00a0<\/span><\/li>\n<\/ul>\n<p style=\"text-align: left;\"><span style=\"color: #ea7900;\"><b>Manuelle Therapie<\/b><\/span><\/p>\n<p style=\"text-align: left;\"><span style=\"font-size: 20px; text-align: left;\">In der manuellen Therapie werden Funktionsst\u00f6rungen des Bewegungsapparates (Gelenke, Muskeln, Sehnen, B\u00e4nder, Nerven) untersucht und behandelt.<\/span><\/p>\n<p style=\"text-align: left;\"><span style=\"font-size: 20px;\">Grundlage der manuellen Therapie sind spezielle Handgriff- und Mobilisationstechniken zur Schmerzlinderung und Gelenkmobilisation.\u00a0Untersucht wird dabei die Gelenkmechanik, die Muskelfunktion und die Koordination der Bewegungen.\u00a0In der manuellen Therapie werden sowohl passive Techniken als auch aktive \u00dcbungen angewendet um z.B. blockierte oder eingeschr\u00e4nkte Gelenke mithilfe sanfter Techniken zu mobilisieren und instabile Gelenke durch individuelle \u00dcbungen zu stabilisieren.<\/span><\/p>\n<p style=\"text-align: left;\"><span style=\"font-size: 20px;\">Ziel des Behandlungskonzeptes: Wiederherstellung des Zusammenspieles zwischen Gelenken, Muskeln, Sehnen, B\u00e4ndern und Nerven.\u00a0Die Manuelle Therapie darf nur von speziell daf\u00fcr weitergebildeten Physiotherapeuten durchgef\u00fchrt werden!<\/span><\/p>\n<p style=\"text-align: left;\"><span style=\"font-size: 20px;\">Da wir in unserer Praxis nach einem ganzheitlichen Konzept arbeiten, untersuchen und befunden wir nicht nur auf lokaler Ebene, sondern ber\u00fccksichtigen ebenfalls die segmentale Ebene (Wirbels\u00e4ule + Nerven), sowie die vegetative Ebene (Stoffwechselprozesse und Aktivit\u00e4t des Organismus).<\/span><span style=\"font-size: 20px;\">\u00a0<\/span><\/p>\n<p style=\"text-align: left;\"><span style=\"color: #ea7900;\"><b>Manuelle Lymphdrainage<\/b><span style=\"font-size: 20px; text-align: center;\">\u00a0<\/span><\/span><\/p>\n<p style=\"text-align: left;\">Die manuelle Lymphdrainage (MLD) ist eine Sonderform der medizinischen Massage, bei der angestaute Fl\u00fcssigkeit im Gewebe (Lymphe) zum Abfluss angeregt werden soll.\u00a0Sie dient vor allem als \u00d6dem- und Entstauungstherapie \u00f6demat\u00f6ser K\u00f6rperregionen, wie dem Rumpf, der Arme und der Beine.\u00a0Ein Lymph\u00f6dem kann prim\u00e4rer oder sekund\u00e4rer Ursache sein.\u00a0Prim\u00e4r (angeboren) sind z.B. Fehlbildungen des Lymphsystems, die zu einer Schw\u00e4che und verringerter Transportf\u00e4higkeit der Lymphfl\u00fcssigkeit f\u00fchren.\u00a0Sekund\u00e4re Lymph\u00f6deme k\u00f6nnen z.B. nach Verletzungen oder Operationen entstehen.<br \/> <span style=\"font-size: 20px;\">Die manuelle Lymphdrainage wird ebenfalls h\u00e4ufig nach einer Tumorbehandlung, bzw. Lymphknotenentfernung verordnet.<br \/> <\/span><span style=\"font-size: 20px;\">Kontraindikationen: (bitte immer \u00e4rztlich abkl\u00e4ren lassen!)<\/span><span style=\"font-size: 20px;\">(b\u00f6sartige) Tumore<\/span><\/p>\n<ul style=\"text-align: left;\">\n<li>Ausgepr\u00e4gte oder dekompensierte Herzinsuffizienz<\/li>\n<li>erh\u00f6hte Temperatur des K\u00f6rpers ab 37,5 \u00b0C<\/li>\n<li>entz\u00fcndliche Vorg\u00e4nge mit unklarer Genese<\/li>\n<li>akute, tiefe Beinvenenthrombose<\/li>\n<li>Erysipel (Wundrose) generell<\/li>\n<li>akute, fieberhafte oder bakterielle Entz\u00fcndungen<span style=\"font-size: 20px; text-align: center;\">\u00a0<\/span><\/li>\n<\/ul>\n<p style=\"text-align: left;\"><span style=\"color: #ea7900;\"><strong>KG \u2013 ZNS<\/strong><span style=\"font-size: 20px; text-align: center;\">\u00a0<\/span><\/span><\/p>\n<ul style=\"text-align: left;\">\n<li><strong>KG \u2013 ZNS<\/strong> (ZNS = zentrales Nervensystem) bezeichnet ein physiotherapeutisches Therapiekonzept zur Behandlung und Wiedereingliederung Kinder und Erwachsener mit angeborenen oder erworbenen neurologischen Einschr\u00e4nkungen.<br \/> Zu den wichtigsten neurologischen Therapiekonzepten z\u00e4hlen Bobath und PNF.<span style=\"font-size: 20px; text-align: center;\">\u00a0<\/span><\/li>\n<\/ul>\n<p style=\"text-align: left;\">Die h\u00e4ufigsten neurologischen Krankheitsbilder:<span style=\"font-size: 20px; text-align: center;\">\u00a0<\/span><\/p>\n<p style=\"text-align: left;\">\u2794 Sch\u00e4del-Hirn-Traumata<br \/> <span style=\"font-size: 20px;\">\u2794 Schlaganf\u00e4lle<br \/> <\/span><span style=\"font-size: 20px;\">\u2794 Multiple Sklerose<br \/> <\/span><span style=\"font-size: 20px;\">\u2794 Polyneuropathie<br \/> <\/span><span style=\"font-size: 20px;\">\u2794 Parkinson<br \/> <\/span><span style=\"font-size: 20px;\">\u2794 Hemiparesen (Halbseitenl\u00e4hmung)<br \/> <\/span><span style=\"font-size: 20px;\">\u2794 ICP (infantile Cerebralparese)<br \/> <\/span><span style=\"font-size: 20px;\">\u2794 sonstige Erkrankungen oder Entz\u00fcndungen des ZNS<\/span><span style=\"font-size: 20px; text-align: center;\">\u00a0<\/span><\/p>\n<p style=\"text-align: left;\"><strong>Ziele der neurologischen Behandlung:<br \/> <\/strong><span style=\"font-size: 20px;\">Verbesserung von Stabilit\u00e4t und Gleichgewicht<br \/><\/span><span style=\"font-size: 20px;\">Verbesserung\/ Wiederherstellung eines sicheren Gangbildes<br \/> <\/span><span style=\"font-size: 20px;\">Vermeidung, bzw. Reduzierung von Spastiken<br \/> <\/span><span style=\"font-size: 20px;\">Wiederherstellung eines angepassten Muskeltonus<br \/> <\/span><span style=\"font-size: 20px;\">Vermeidung von Kompensationsmechanismen und Erarbeiten der korrekten Bewegungsabl\u00e4ufe<br \/> <\/span><span style=\"font-size: 20px;\">Verbesserung der K\u00f6rperwahrnehmung<br \/> <\/span><span style=\"font-size: 20px;\">R\u00fcckf\u00fchrung in den Alltag durch Verbesserung der Alltagsbewegungen<\/span><\/p>\n<p style=\"text-align: left;\"><span style=\"color: #ea7900;\"><strong>Bobath<\/strong><\/span><\/p>\n<p style=\"text-align: left;\">Bobath ist ein ganzheitliches Therapiekonzept, welches den Menschen im Ganzen betrachtet.<\/p>\n<p style=\"text-align: left;\"><span style=\"font-size: 20px;\">Bewegungs- und Funktionseinschr\u00e4nkungen des Patienten werden durch eine Befundaufnahme genau analysiert und durch einen speziell auf den Patienten abgestimmten Behandlungsplan optimiert.<\/span><\/p>\n<p style=\"text-align: left;\">Dabei werden die individuellen M\u00f6glichkeiten und Grenzen des jeweiligen Patienten, sowie die pers\u00f6nliche Zielsetzung ber\u00fccksichtigt.<\/p>\n<p style=\"text-align: left;\">Das Bobath Konzept macht sich die \u201eUmorganisationsf\u00e4higkeit\u201c des Gehirns zunutze, was bedeutet, dass gesunde Hirnareale durch gezielte \u00dcbungen\/Reize stimuliert werden.<br \/> Dadurch entstehen im Gehirn Vernetzungen (Synapsen), die durch st\u00e4ndiges Wiederholen der Bewegungssequenzen gest\u00e4rkt werden und somit die Einschr\u00e4nkungen des Gehirns kompensieren sollen.<br \/><span style=\"font-size: 20px;\">In unserer Praxis bieten wir Bobath f\u00fcr Erwachsene und Kinder an!<\/span><\/p>\n<p style=\"text-align: left;\"><span style=\"color: #ea7900;\"><strong>PNF<\/strong><\/span><\/p>\n<p style=\"text-align: left;\">Die Abk\u00fcrzung PNF steht f\u00fcr Propriozeptive Neuromuskul\u00e4re Fazilitation.<br \/> <span style=\"font-size: 20px;\">Propriozeptoren = Bewegungsf\u00fchler (f\u00fcr die Reizwahrnehmung)<br \/> <\/span><span style=\"font-size: 20px;\">Neuromuskul\u00e4r = Zusammenspiel zwischen Muskel und Nerven<br \/> <\/span><span style=\"font-size: 20px;\">Fazilitation = Erleichterung\/ Unterst\u00fctzung<\/span><\/p>\n<p style=\"text-align: left;\">Ziel ist es, das Zusammenspiel von Nerv &amp; Muskel durch die Stimulation der Bewegungsf\u00fchler zu unterst\u00fctzen. Diese Stimulation erfolgt durch dreidimensionale Bewegungsmuster, die vom Therapeuten vorgegeben und vom Patienten aktiv und gegen Widerstand durchgef\u00fchrt werden.<\/p>\n<p style=\"text-align: left;\">PNF kann sowohl bei neurologischen, als auch orthop\u00e4dischen Krankheitsbildern eingesetzt werden.<\/p>\n<p style=\"text-align: left;\"><span style=\"color: #ea7900;\"><b>Bobath \u2014 Therapie f\u00fcr Kinder<\/b><\/span><\/p>\n<p style=\"text-align: left;\">Das Bobath-Konzept ist eine individuell auf den Patienten abgestimmte Therapieform, bei der jeder Mensch da abgeholt wird,\u00a0wo er aktuell in seiner pers\u00f6nlichen und individuellen Entwicklung steht.<\/p>\n<p style=\"text-align: left;\">Gerade bei S\u00e4uglingen und Kindern ist es wichtig, sie in ihrer motorischen Entwicklung zu unterst\u00fctzen.<\/p>\n<p style=\"text-align: left;\">Durch gesetzte Bewegungsreize werden dem Kind spielerisch Bewegungsabl\u00e4ufe n\u00e4her gebracht, die es in seinem Alltag unterst\u00fctzen, ihm neue \u201eIdeen\u201c, bzw. neue Wege zeigt und es so in seiner Kontrolle von Haltung und Bewegung f\u00f6rdert.<\/p>\n<p style=\"text-align: left;\">Die Bobath-Therapie, v.a. Kinder-Bobath, sollte nur von speziell daf\u00fcr ausgebildeten Therapeuten durchgef\u00fchrt werden!<\/p>\n<p style=\"text-align: left;\"><strong>H\u00e4ufige Krankheitsbilder:<\/strong><\/p>\n<ul style=\"text-align: left;\">\n<li>ICP (Infantile Zerebralparese)<\/li>\n<li>Hemiparesen<\/li>\n<li>Motorische Entwicklungsverz\u00f6gerung<\/li>\n<li>Motorische Entwicklungsst\u00f6rung<\/li>\n<li>Fu\u00dffehlstellungen- deformit\u00e4ten (z.b. Sichel-, Klump-, Knick-Senkfu\u00df)<\/li>\n<li>Kopffehlhaltung\/ Vorzugslage<\/li>\n<\/ul>\n<p style=\"text-align: left;\"><span style=\"color: #ea7900;\"><b>Kinesio Tape<\/b><\/span><\/p>\n<p style=\"text-align: left;\">Das Kinesio Tape wurde vor \u00fcber 30 Jahren von einem japanischen Chiropraktiker entwickelt.<\/p>\n<p style=\"text-align: left;\">Es besteht aus Baumwollgewebe und einer Acrylschicht.<\/p>\n<p style=\"text-align: left;\">Der Unterschied zu normalen Tapes besteht darin, dass das Kinesio Tape elastisch ist und sich den Bewegungen des K\u00f6rpers anpasst.<\/p>\n<p style=\"text-align: left;\">F\u00fcr eine optimale Wirkung ist das korrekte anbringen des Tapes besonders wichtig und sollte daher von entsprechend ausgebildeten Fachkr\u00e4ften geklebt werden.<\/p>\n<p style=\"text-align: left;\"><strong>Anwendungsgebiete:<\/strong><\/p>\n<ul style=\"text-align: left;\">\n<li>Gelenkstabilisation (z.b. nach B\u00e4nderrissen-\/\u00dcberdehnungen)<\/li>\n<li>Stoffwechselanregung &amp; Durchblutungsf\u00f6rderung der Muskulatur (z.b. nach Muskelfaserrissen oder anderen muskul\u00e4re Verletzungen)<\/li>\n<li>Schmerzreduzierung (schmerzhafte Gelenke\/ Wirbels\u00e4ulenproblemen, Menstruationsbeschwerden)<\/li>\n<li>Lymph-Tapes zur zus\u00e4tzlichen Anregung des Lymphsystems<\/li>\n<li>Entspannung verh\u00e4rteter Muskulatur<\/li>\n<li>Unterst\u00fctzung der Lendenwirbelmuskulatur bei R\u00fcckenbeschwerden w\u00e4hrend\/nach der Schwangerschaft<\/li>\n<\/ul>\n<p style=\"text-align: left;\"><span style=\"color: #ea7900;\"><b>CMD Kieferbehandlung<\/b><\/span><\/p>\n<p style=\"text-align: left;\">CMD steht f\u00fcr \u201eCraniomandibul\u00e4re Dynsfunktion\u201c und bedeutet, dass ein Kieferproblem, bedingt durch eine Fehlregulation der Muskel- und Gelenkfunktion der Kiefergelenke vorliegt.<\/p>\n<p style=\"text-align: left;\">Symptome k\u00f6nnen Schmerzen im Kieferbereich, ein Knacken beim \u00d6ffnen\/Schlie\u00dfen des Mundes oder eine eingeschr\u00e4nkte Mund\u00f6ffnung sein.\u00a0CMD l\u00e4sst sich nicht unbedingt durch Schmerzen im Kieferbereich erkennen, sondern kann sich auch durch Schwindel, Kopfschmerzen, Migr\u00e4ne, Nackenschmerzen oder Tinnitus bemerkbar machen.\u00a0Eine unbehandelte CMD kann sich auf den ganzen K\u00f6rper auswirken und z.B. zu Wirbelk\u00f6rperblockaden oder Beckenschiefst\u00e4nden f\u00fchren.<\/p>\n<p style=\"text-align: left;\">Aus diesem Grund behandeln wir eine CMD immer ganzheitlich und machen beim Ersttermin einen ausf\u00fchrlichen Befund mit Haltungsstatus.<\/p>\n<p style=\"text-align: left;\"><span style=\"color: #ea7900;\"><b>Klassische Massage<\/b><\/span><\/p>\n<p style=\"text-align: left;\">Die \u201eklassische Massage\u201c geh\u00f6rt zu den bekanntesten medizinischen Massageformen und wird seit Jahrzehnten verwendet.\u00a0Durch spezielle Grifftechniken werden Haut, Bindegewebe und Muskulatur beeinflusst.\u00a0Auch eine W\u00e4rmeanwendung, wie Fango oder Hei\u00dfluft kann die Durchblutung der Muskulatur vor der Massage anregen und f\u00fchrt zur Entspannung des K\u00f6rpers.<\/p>\n<p style=\"text-align: left;\"><strong>Ziele der Klassischen Massage:<\/strong><\/p>\n<ul style=\"text-align: left;\">\n<li>F\u00f6rderung der Durchblutung<\/li>\n<li>Entspannung (Detonisierung) der Muskulatur<\/li>\n<li>L\u00f6sen von Verklebungen<\/li>\n<li>Verbesserung der Wundheilung<\/li>\n<li>Schmerzlinderung<\/li>\n<li>Anregung des Zellstoffwechsels im Gewebe Indikationen f\u00fcr eine klassische Massage<\/li>\n<li>Verspannungen\/ Verh\u00e4rtungen<\/li>\n<li>Narbenbehandlung<\/li>\n<li>Erkrankungen der Wirbels\u00e4ule<\/li>\n<li>neurologisch bedingte Paresen, Spastiken, Neuralgien, Polyneuropatjien<\/li>\n<\/ul>\n<p style=\"text-align: left;\"><span style=\"color: #ea7900;\"><b>W\u00e4rmetherapie\u00a0<\/b><\/span><\/p>\n<p style=\"text-align: left;\">Ziel der W\u00e4rmetherapie ist eine Entspannung (Detonisierung) der Muskulatur, sowie eine Schmerzlinderung und Durchblutungsf\u00f6rderung.<\/p>\n<p style=\"text-align: left;\">1. Fango<\/p>\n<p style=\"text-align: left;\">Wir bieten verschiedene W\u00e4rmepackungen an, die u.a. mit Moor gef\u00fcllt sind. Durch die weiche F\u00fcllung unserer Matten ist eine optimale Anpassung an die betroffene K\u00f6rperregion m\u00f6glich.<span class=\"Apple-converted-space\">\u00a0<\/span><\/p>\n<p style=\"text-align: left;\">\u00a0Zus\u00e4tzlich werden unsere Patienten in Laken eingepackt um die W\u00e4rme zu speichern.<\/p>\n<p style=\"text-align: left;\">2. Hei\u00dfluft<\/p>\n<p style=\"text-align: left;\">Unsere Hei\u00dfluft\/Rotlichtlampen k\u00f6nnen individuell eingestellt werden, je nach betroffener K\u00f6rperregion und W\u00e4rmeempfinden des Patienten.<\/p>\n<p style=\"text-align: left;\">3. Hei\u00dfe Rolle<\/p>\n<p style=\"text-align: left;\">\u00a0Hierbei wird die W\u00e4rme durch T\u00fccher, die zuvor mit hei\u00dfem Wasser getr\u00e4nkt worden, auf den K\u00f6rper \u00fcbertragen. Diese Technik wird gerne in Zusammenhang mit der Atemtherapie durchgef\u00fchrt, z.B. um Sekret zu l\u00f6sen.<\/p>\n<p style=\"text-align: left;\">Alle drei W\u00e4rmetherapieanwendungen sind in Kombination mit Massage, Krankengymnastik und Manueller Therapie m\u00f6glich.<\/p>\n<p>[\/et_pb_text][\/et_pb_column][\/et_pb_row][\/et_pb_section][et_pb_section fb_built=&#8220;1&#8243; fullwidth=&#8220;on&#8220; _builder_version=&#8220;4.4.8&#8243; background_color=&#8220;#0c71c3&#8243;][et_pb_fullwidth_header title=&#8220;Gerne beantworten wir Ihre Fragen auch telefonisch. &#x260e;  02131 \u2022 338 70&#8243; button_one_text=&#8220;Klicks&#8220; disabled_on=&#8220;on|on|on&#8220; _builder_version=&#8220;4.4.8&#8243; title_font=&#8220;Comfortaa||||||||&#8220; title_text_color=&#8220;#e06100&#8243; content_font=&#8220;Comfortaa||||||||&#8220; content_font_size=&#8220;18px&#8220; content_line_height=&#8220;1.8em&#8220; background_color=&#8220;#1a0052&#8243; border_color_all_image=&#8220;#1a0052&#8243; disabled=&#8220;on&#8220;]<\/p>\n<p>&nbsp;<\/p>\n<p>Wir freuen uns Sie in unserer Praxis begr\u00fc\u00dfen zu d\u00fcrfen.<\/p>\n<p>Sollte es f\u00fcr Sie nicht m\u00f6glich sein zu uns zu kommen, so kommen wir zu Ihnen. Nat\u00fcrlich machen wir Hausbesuche.<\/p>\n<p>[\/et_pb_fullwidth_header][\/et_pb_section]<\/p>\n","protected":false},"excerpt":{"rendered":"<p>[et_pb_section fb_built=&#8220;1&#8243; admin_label=&#8220;Service Section&#8220; _builder_version=&#8220;4.4.8&#8243; custom_margin=&#8220;|||&#8220; custom_padding=&#8220;0px||0px||false|false&#8220;][et_pb_row use_custom_gutter=&#8220;on&#8220; gutter_width=&#8220;1&#8243; make_equal=&#8220;on&#8220; module_class=&#8220; et_pb_row_fullwidth&#8220; _builder_version=&#8220;4.4.8&#8243; background_color=&#8220;#e09900&#8243; background_image=&#8220;http:\/\/physio-am-rhein.de\/wp-content\/uploads\/2020\/07\/Depositphotos_121067600_l-2015.jpg&#8220; width=&#8220;100%&#8220; width_tablet=&#8220;100%&#8220; width_phone=&#8220;&#8220; width_last_edited=&#8220;on|desktop&#8220; max_width=&#8220;100%&#8220; max_width_tablet=&#8220;100%&#8220; max_width_phone=&#8220;&#8220; max_width_last_edited=&#8220;on|desktop&#8220; module_alignment=&#8220;left&#8220; height=&#8220;800px&#8220; custom_padding=&#8220;0px||0px|&#8220; animation_style=&#8220;slide&#8220; animation_direction=&#8220;top&#8220; animation_intensity_slide=&#8220;3%&#8220; make_fullwidth=&#8220;on&#8220;][et_pb_column type=&#8220;4_4&#8243; _builder_version=&#8220;3.25&#8243; custom_padding=&#8220;10%|8%|10%|8%&#8220; custom_padding__hover=&#8220;|||&#8220;][et_pb_sidebar _builder_version=&#8220;4.4.8&#8243;][\/et_pb_sidebar][\/et_pb_column][\/et_pb_row][et_pb_row column_structure=&#8220;1_4,3_4&#8243; _builder_version=&#8220;4.4.8&#8243;][et_pb_column type=&#8220;1_4&#8243; _builder_version=&#8220;4.4.8&#8243;][\/et_pb_column][et_pb_column type=&#8220;3_4&#8243; _builder_version=&#8220;4.4.8&#8243;][et_pb_image src=&#8220;http:\/\/physio-am-rhein.de\/wp-content\/uploads\/2020\/07\/Massagem\u00e4nnchen.jpg&#8220; title_text=&#8220;Massagem\u00e4nnchen&#8220; _builder_version=&#8220;4.4.8&#8243;][\/et_pb_image][\/et_pb_column][\/et_pb_row][et_pb_row column_structure=&#8220;1_4,3_4&#8243; admin_label=&#8220;Service Section Title&#8220; _builder_version=&#8220;4.4.8&#8243; custom_margin=&#8220;||40px|&#8220; animation_style=&#8220;fade&#8220; animation_direction=&#8220;top&#8220; saved_tabs=&#8220;all&#8220;][et_pb_column type=&#8220;1_4&#8243; _builder_version=&#8220;3.25&#8243; [&hellip;]<\/p>\n","protected":false},"author":4,"featured_media":0,"parent":0,"menu_order":0,"comment_status":"closed","ping_status":"closed","template":"","meta":{"_et_pb_use_builder":"on","_et_pb_old_content":"","_et_gb_content_width":"","footnotes":""},"class_list":["post-198","page","type-page","status-publish","hentry"],"_links":{"self":[{"href":"https:\/\/physio-am-rhein.de\/index.php?rest_route=\/wp\/v2\/pages\/198","targetHints":{"allow":["GET"]}}],"collection":[{"href":"https:\/\/physio-am-rhein.de\/index.php?rest_route=\/wp\/v2\/pages"}],"about":[{"href":"https:\/\/physio-am-rhein.de\/index.php?rest_route=\/wp\/v2\/types\/page"}],"author":[{"embeddable":true,"href":"https:\/\/physio-am-rhein.de\/index.php?rest_route=\/wp\/v2\/users\/4"}],"replies":[{"embeddable":true,"href":"https:\/\/physio-am-rhein.de\/index.php?rest_route=%2Fwp%2Fv2%2Fcomments&post=198"}],"version-history":[{"count":55,"href":"https:\/\/physio-am-rhein.de\/index.php?rest_route=\/wp\/v2\/pages\/198\/revisions"}],"predecessor-version":[{"id":588,"href":"https:\/\/physio-am-rhein.de\/index.php?rest_route=\/wp\/v2\/pages\/198\/revisions\/588"}],"wp:attachment":[{"href":"https:\/\/physio-am-rhein.de\/index.php?rest_route=%2Fwp%2Fv2%2Fmedia&parent=198"}],"curies":[{"name":"wp","href":"https:\/\/api.w.org\/{rel}","templated":true}]}}