{"id":166,"date":"2020-06-23T14:14:23","date_gmt":"2020-06-23T14:14:23","guid":{"rendered":"http:\/\/physio-am-rhein.de\/?page_id=166"},"modified":"2021-09-01T10:33:08","modified_gmt":"2021-09-01T10:33:08","slug":"praxis","status":"publish","type":"page","link":"https:\/\/physio-am-rhein.de\/?page_id=166","title":{"rendered":"Praxis"},"content":{"rendered":"<p>[et_pb_section fb_built=&#8220;1&#8243; admin_label=&#8220;Service Section&#8220; _builder_version=&#8220;4.4.8&#8243; custom_margin=&#8220;|||&#8220; custom_padding=&#8220;0px||0px||false|false&#8220;][et_pb_row column_structure=&#8220;2_5,3_5&#8243; use_custom_gutter=&#8220;on&#8220; gutter_width=&#8220;1&#8243; make_equal=&#8220;on&#8220; disabled_on=&#8220;on|off|off&#8220; module_class=&#8220; et_pb_row_fullwidth&#8220; _builder_version=&#8220;4.4.8&#8243; background_color=&#8220;#fcd21d&#8220; background_image=&#8220;http:\/\/physio-am-rhein.de\/wp-content\/uploads\/2020\/06\/20200425_170832-scaled.jpg&#8220; width=&#8220;100%&#8220; width_tablet=&#8220;100%&#8220; width_phone=&#8220;&#8220; width_last_edited=&#8220;on|desktop&#8220; max_width=&#8220;100%&#8220; max_width_tablet=&#8220;100%&#8220; max_width_phone=&#8220;&#8220; max_width_last_edited=&#8220;on|desktop&#8220; module_alignment=&#8220;left&#8220; height=&#8220;800px&#8220; custom_padding=&#8220;0px||0px|&#8220; animation_style=&#8220;slide&#8220; animation_direction=&#8220;top&#8220; animation_intensity_slide=&#8220;3%&#8220; make_fullwidth=&#8220;on&#8220;][et_pb_column type=&#8220;2_5&#8243; _builder_version=&#8220;3.25&#8243; custom_padding=&#8220;10%|8%|10%|8%&#8220; custom_padding__hover=&#8220;|||&#8220;][\/et_pb_column][et_pb_column type=&#8220;3_5&#8243; _builder_version=&#8220;4.4.8&#8243;][et_pb_text admin_label=&#8220;Title&#8220; _builder_version=&#8220;4.4.8&#8243; text_font=&#8220;Seaweed Script||||||||&#8220; text_text_color=&#8220;#ffffff&#8220; text_font_size=&#8220;100px&#8220; text_line_height=&#8220;1.9em&#8220; header_font=&#8220;||||||||&#8220; header_2_font=&#8220;Montserrat|700||on|||||&#8220; header_2_font_size=&#8220;42px&#8220; header_2_line_height=&#8220;1.3em&#8220; positioning=&#8220;relative&#8220; vertical_offset=&#8220;610px&#8220; horizontal_offset=&#8220;-359px&#8220; z_index=&#8220;0&#8243; max_width=&#8220;739px&#8220; module_alignment=&#8220;center&#8220; animation_style=&#8220;slide&#8220; animation_direction=&#8220;bottom&#8220; animation_intensity_slide=&#8220;4%&#8220; inline_fonts=&#8220;Seaweed Script&#8220;]<\/p>\n<p>Ihre Wohlf\u00fchlpraxis<\/p>\n<p>[\/et_pb_text][\/et_pb_column][\/et_pb_row][et_pb_row use_custom_gutter=&#8220;on&#8220; gutter_width=&#8220;1&#8243; make_equal=&#8220;on&#8220; disabled_on=&#8220;off|on|on&#8220; module_class=&#8220; et_pb_row_fullwidth&#8220; _builder_version=&#8220;4.4.8&#8243; background_color=&#8220;#fcd21d&#8220; background_image=&#8220;http:\/\/physio-am-rhein.de\/wp-content\/uploads\/2020\/08\/20200425_170608-scaled-2.jpg&#8220; background_size=&#8220;contain&#8220; width=&#8220;100%&#8220; width_tablet=&#8220;100%&#8220; width_phone=&#8220;&#8220; width_last_edited=&#8220;on|desktop&#8220; max_width=&#8220;100%&#8220; max_width_tablet=&#8220;100%&#8220; max_width_phone=&#8220;&#8220; max_width_last_edited=&#8220;on|desktop&#8220; module_alignment=&#8220;left&#8220; height=&#8220;310px&#8220; custom_padding=&#8220;0px||0px|||&#8220; animation_style=&#8220;slide&#8220; animation_direction=&#8220;top&#8220; animation_intensity_slide=&#8220;3%&#8220; make_fullwidth=&#8220;on&#8220;][et_pb_column type=&#8220;4_4&#8243; _builder_version=&#8220;4.4.8&#8243; custom_padding=&#8220;10%|8%|10%|8%&#8220; custom_padding__hover=&#8220;|||&#8220;][et_pb_text admin_label=&#8220;Title&#8220; _builder_version=&#8220;4.4.8&#8243; text_font=&#8220;Seaweed Script||||||||&#8220; text_text_color=&#8220;#ffffff&#8220; text_font_size=&#8220;50px&#8220; text_line_height=&#8220;1.9em&#8220; header_font=&#8220;||||||||&#8220; header_2_font=&#8220;Montserrat|700||on|||||&#8220; header_2_font_size=&#8220;42px&#8220; header_2_line_height=&#8220;1.3em&#8220; positioning=&#8220;relative&#8220; vertical_offset=&#8220;-20px&#8220; horizontal_offset=&#8220;0px&#8220; z_index=&#8220;0&#8243; max_width=&#8220;739px&#8220; module_alignment=&#8220;center&#8220; animation_style=&#8220;slide&#8220; animation_direction=&#8220;bottom&#8220; animation_intensity_slide=&#8220;4%&#8220; inline_fonts=&#8220;Seaweed Script&#8220;]<\/p>\n<p>Ihre Wohlf\u00fchlpraxis<\/p>\n<p>[\/et_pb_text][\/et_pb_column][\/et_pb_row][et_pb_row column_structure=&#8220;1_2,1_2&#8243; admin_label=&#8220;Service Section Title&#8220; _builder_version=&#8220;4.4.8&#8243; custom_margin=&#8220;||40px|&#8220; animation_style=&#8220;fade&#8220; animation_direction=&#8220;top&#8220; saved_tabs=&#8220;all&#8220;][et_pb_column type=&#8220;1_2&#8243; _builder_version=&#8220;3.25&#8243; custom_padding=&#8220;|||&#8220; custom_padding__hover=&#8220;|||&#8220;][et_pb_image src=&#8220;http:\/\/physio-am-rhein.de\/wp-content\/uploads\/2016\/05\/physioamrhein_logo.png&#8220; title_text=&#8220;physioamrhein_logo&#8220; align=&#8220;center&#8220; disabled_on=&#8220;on|off|off&#8220; _builder_version=&#8220;4.4.8&#8243; module_alignment=&#8220;left&#8220; max_height=&#8220;400px&#8220;][\/et_pb_image][\/et_pb_column][et_pb_column type=&#8220;1_2&#8243; _builder_version=&#8220;3.25&#8243; custom_padding=&#8220;|||&#8220; custom_padding__hover=&#8220;|||&#8220;][et_pb_text admin_label=&#8220;Subtitle&#8220; _builder_version=&#8220;4.4.8&#8243; text_font=&#8220;Montserrat||||&#8220; text_text_color=&#8220;#747d88&#8243; text_font_size=&#8220;16px&#8220; text_line_height=&#8220;1.8em&#8220; header_font=&#8220;||||||||&#8220; text_orientation=&#8220;center&#8220; max_width=&#8220;700px&#8220; module_alignment=&#8220;center&#8220; custom_margin=&#8220;|||&#8220; custom_padding=&#8220;0px|||||&#8220; animation_style=&#8220;slide&#8220; animation_direction=&#8220;bottom&#8220; animation_delay=&#8220;100ms&#8220; animation_intensity_slide=&#8220;4%&#8220; inline_fonts=&#8220;Comfortaa,Dr Sugiyama&#8220;]<\/p>\n<p style=\"text-align: left;\"><strong>Unsere Praxis<\/strong><\/p>\n<p style=\"text-align: left;\">Unsere barrierefreie Praxis befindet sich im Ortskern von Grimlinghausen, im neuen \u00c4rztehaus, nahe der Cyriakuskirche. <br \/>Praxiseigene Parkpl\u00e4tze und weitere kostenfreie Parkpl\u00e4tze befinden sich direkt vor der T\u00fcr.<\/p>\n<p style=\"text-align: left;\">Unsere Praxis soll f\u00fcr Sie ein Wohlf\u00fchlort sein.<span class=\"Apple-converted-space\">\u00a0<br \/><\/span>In unseren neuen, modernen Behandlungsr\u00e4umen bieten wir Ihnen eine freundliche, famili\u00e4re Atmosph\u00e4re. Dort haben wir \u00a0alle M\u00f6glichkeiten Sie ganzheitlich, professionell\u00a0 zu behandeln.<\/p>\n<p style=\"text-align: left;\"><span class=\"Apple-converted-space\"><\/span><\/p>\n<p style=\"text-align: left;\"><span class=\"Apple-converted-space\"><\/span><\/p>\n<p style=\"text-align: left;\"><strong>Rezeptzuzahlung<\/strong><\/p>\n<p style=\"text-align: left;\">Mitglieder gesetzl. Krankenkassen sind laut \u00a7 32 Abs. 2 des SGB dazu verpflichtet eine Rezeptzuzahlung zu leisten.<\/p>\n<p style=\"text-align: left;\">Diese ist einmalig pro Rezept f\u00e4llig.<\/p>\n<p style=\"text-align: left;\">Die Zuzahlung setzt sich aus einer Grundgeb\u00fchr von 10 \u20ac + 10% des Rezeptwertes &#8211; je nachdem welches Heilmittel verordnet ist &#8211; zusammen und ist von den Krankenkassen vorgegeben.<span class=\"Apple-converted-space\">\u00a0<\/span><\/p>\n<p style=\"text-align: left;\">Diese Rezeptgeb\u00fchr muss von uns an die Krankenkassen abgef\u00fchrt werden.<\/p>\n<p style=\"text-align: left;\">Kinder und Jugendliche unter 18 Jahren, sind von dieser Zuzahlung befreit.<\/p>\n<p style=\"text-align: left;\">\n<p style=\"text-align: left;\">\n<p style=\"text-align: left;\"><strong>Zuzahlungsbefreiung:<\/strong><\/p>\n<p style=\"text-align: left;\">Sollten Sie \u00fcber 2% (bei chronisch Kranken 1%) Ihres Jahresbruttoeinkommens f\u00fcr Zuzahlungen geleistet haben (egal ob f\u00fcr Heilmittel, Hilfsmittel oder Medikamente), k\u00f6nnen Sie bei Ihrer Krankenkasse eine Befreiung beantragen!<\/p>\n<p>[\/et_pb_text][\/et_pb_column][\/et_pb_row][\/et_pb_section]<\/p>\n","protected":false},"excerpt":{"rendered":"<p>[et_pb_section fb_built=&#8220;1&#8243; admin_label=&#8220;Service Section&#8220; _builder_version=&#8220;4.4.8&#8243; custom_margin=&#8220;|||&#8220; custom_padding=&#8220;0px||0px||false|false&#8220;][et_pb_row column_structure=&#8220;2_5,3_5&#8243; use_custom_gutter=&#8220;on&#8220; gutter_width=&#8220;1&#8243; make_equal=&#8220;on&#8220; disabled_on=&#8220;on|off|off&#8220; module_class=&#8220; et_pb_row_fullwidth&#8220; _builder_version=&#8220;4.4.8&#8243; background_color=&#8220;#fcd21d&#8220; background_image=&#8220;http:\/\/physio-am-rhein.de\/wp-content\/uploads\/2020\/06\/20200425_170832-scaled.jpg&#8220; width=&#8220;100%&#8220; width_tablet=&#8220;100%&#8220; width_phone=&#8220;&#8220; width_last_edited=&#8220;on|desktop&#8220; max_width=&#8220;100%&#8220; max_width_tablet=&#8220;100%&#8220; max_width_phone=&#8220;&#8220; max_width_last_edited=&#8220;on|desktop&#8220; module_alignment=&#8220;left&#8220; height=&#8220;800px&#8220; custom_padding=&#8220;0px||0px|&#8220; animation_style=&#8220;slide&#8220; animation_direction=&#8220;top&#8220; animation_intensity_slide=&#8220;3%&#8220; make_fullwidth=&#8220;on&#8220;][et_pb_column type=&#8220;2_5&#8243; _builder_version=&#8220;3.25&#8243; custom_padding=&#8220;10%|8%|10%|8%&#8220; custom_padding__hover=&#8220;|||&#8220;][\/et_pb_column][et_pb_column type=&#8220;3_5&#8243; _builder_version=&#8220;4.4.8&#8243;][et_pb_text admin_label=&#8220;Title&#8220; _builder_version=&#8220;4.4.8&#8243; text_font=&#8220;Seaweed Script||||||||&#8220; text_text_color=&#8220;#ffffff&#8220; text_font_size=&#8220;100px&#8220; text_line_height=&#8220;1.9em&#8220; header_font=&#8220;||||||||&#8220; header_2_font=&#8220;Montserrat|700||on|||||&#8220; header_2_font_size=&#8220;42px&#8220; header_2_line_height=&#8220;1.3em&#8220; positioning=&#8220;relative&#8220; vertical_offset=&#8220;610px&#8220; horizontal_offset=&#8220;-359px&#8220; z_index=&#8220;0&#8243; max_width=&#8220;739px&#8220; module_alignment=&#8220;center&#8220; [&hellip;]<\/p>\n","protected":false},"author":4,"featured_media":0,"parent":0,"menu_order":0,"comment_status":"closed","ping_status":"closed","template":"","meta":{"_et_pb_use_builder":"on","_et_pb_old_content":"","_et_gb_content_width":"","footnotes":""},"class_list":["post-166","page","type-page","status-publish","hentry"],"_links":{"self":[{"href":"https:\/\/physio-am-rhein.de\/index.php?rest_route=\/wp\/v2\/pages\/166","targetHints":{"allow":["GET"]}}],"collection":[{"href":"https:\/\/physio-am-rhein.de\/index.php?rest_route=\/wp\/v2\/pages"}],"about":[{"href":"https:\/\/physio-am-rhein.de\/index.php?rest_route=\/wp\/v2\/types\/page"}],"author":[{"embeddable":true,"href":"https:\/\/physio-am-rhein.de\/index.php?rest_route=\/wp\/v2\/users\/4"}],"replies":[{"embeddable":true,"href":"https:\/\/physio-am-rhein.de\/index.php?rest_route=%2Fwp%2Fv2%2Fcomments&post=166"}],"version-history":[{"count":25,"href":"https:\/\/physio-am-rhein.de\/index.php?rest_route=\/wp\/v2\/pages\/166\/revisions"}],"predecessor-version":[{"id":552,"href":"https:\/\/physio-am-rhein.de\/index.php?rest_route=\/wp\/v2\/pages\/166\/revisions\/552"}],"wp:attachment":[{"href":"https:\/\/physio-am-rhein.de\/index.php?rest_route=%2Fwp%2Fv2%2Fmedia&parent=166"}],"curies":[{"name":"wp","href":"https:\/\/api.w.org\/{rel}","templated":true}]}}