{"id":117,"date":"2020-06-23T10:10:11","date_gmt":"2020-06-23T10:10:11","guid":{"rendered":"http:\/\/physio-am-rhein.de\/?page_id=117"},"modified":"2023-07-25T20:02:48","modified_gmt":"2023-07-25T20:02:48","slug":"startseite","status":"publish","type":"page","link":"https:\/\/physio-am-rhein.de\/","title":{"rendered":"Startseite"},"content":{"rendered":"<p>[et_pb_section fb_built=&#8220;1&#8243; admin_label=&#8220;Service Section&#8220; _builder_version=&#8220;4.4.8&#8243; background_color=&#8220;rgba(0,0,0,0)&#8220; background_image=&#8220;http:\/\/physio-am-rhein.de\/wp-content\/uploads\/2020\/06\/circle-background-pattern.png&#8220; parallax=&#8220;on&#8220; custom_margin=&#8220;||18px|||&#8220; custom_padding=&#8220;0px||98px||false|false&#8220; da_disable_devices=&#8220;off|off|off&#8220; da_is_popup=&#8220;off&#8220; da_exit_intent=&#8220;off&#8220; da_has_close=&#8220;on&#8220; da_alt_close=&#8220;off&#8220; da_dark_close=&#8220;off&#8220; da_not_modal=&#8220;on&#8220; da_is_singular=&#8220;off&#8220; da_with_loader=&#8220;off&#8220; da_has_shadow=&#8220;on&#8220;][et_pb_row column_structure=&#8220;1_3,1_3,1_3&#8243; use_custom_gutter=&#8220;on&#8220; gutter_width=&#8220;1&#8243; make_equal=&#8220;on&#8220; disabled_on=&#8220;on|off|off&#8220; module_class=&#8220; et_pb_row_fullwidth&#8220; _builder_version=&#8220;4.4.8&#8243; background_color=&#8220;rgba(0,0,0,0)&#8220; background_image=&#8220;http:\/\/physio-am-rhein.de\/wp-content\/uploads\/2021\/09\/Startseite-scaled.jpg&#8220; width=&#8220;100%&#8220; width_tablet=&#8220;100%&#8220; width_phone=&#8220;&#8220; width_last_edited=&#8220;on|desktop&#8220; max_width=&#8220;100%&#8220; max_width_tablet=&#8220;100%&#8220; max_width_phone=&#8220;&#8220; max_width_last_edited=&#8220;on|desktop&#8220; module_alignment=&#8220;left&#8220; height=&#8220;800px&#8220; custom_padding=&#8220;0px||0px|&#8220; animation_style=&#8220;slide&#8220; animation_direction=&#8220;top&#8220; animation_intensity_slide=&#8220;3%&#8220; make_fullwidth=&#8220;on&#8220;][et_pb_column type=&#8220;1_3&#8243; _builder_version=&#8220;3.25&#8243; custom_padding=&#8220;10%|8%|10%|8%&#8220; custom_padding__hover=&#8220;|||&#8220;][\/et_pb_column][et_pb_column type=&#8220;1_3&#8243; _builder_version=&#8220;4.4.8&#8243;][\/et_pb_column][et_pb_column type=&#8220;1_3&#8243; _builder_version=&#8220;4.4.8&#8243;][et_pb_text admin_label=&#8220;Title&#8220; _builder_version=&#8220;4.4.8&#8243; text_font=&#8220;Seaweed Script||||||||&#8220; text_text_color=&#8220;#ffffff&#8220; text_font_size=&#8220;63px&#8220; text_line_height=&#8220;1.9em&#8220; header_font=&#8220;||||||||&#8220; header_2_font=&#8220;Montserrat|700||on|||||&#8220; header_2_font_size=&#8220;42px&#8220; header_2_line_height=&#8220;1.3em&#8220; positioning=&#8220;relative&#8220; vertical_offset=&#8220;611px&#8220; horizontal_offset=&#8220;-343px&#8220; z_index=&#8220;0&#8243; module_alignment=&#8220;left&#8220; animation_style=&#8220;slide&#8220; animation_direction=&#8220;bottom&#8220; animation_intensity_slide=&#8220;4%&#8220; text_text_shadow_style=&#8220;preset2&#8243; inline_fonts=&#8220;Seaweed Script&#8220;]Leben ist Bewegung[\/et_pb_text][\/et_pb_column][\/et_pb_row][et_pb_row column_structure=&#8220;2_5,3_5&#8243; use_custom_gutter=&#8220;on&#8220; gutter_width=&#8220;1&#8243; make_equal=&#8220;on&#8220; disabled_on=&#8220;off|on|on&#8220; module_class=&#8220; et_pb_row_fullwidth&#8220; _builder_version=&#8220;4.4.8&#8243; background_color=&#8220;rgba(0,0,0,0)&#8220; background_image=&#8220;http:\/\/physio-am-rhein.de\/wp-content\/uploads\/2021\/09\/Startseite-scaled.jpg&#8220; width=&#8220;100%&#8220; width_tablet=&#8220;100%&#8220; width_phone=&#8220;100%&#8220; width_last_edited=&#8220;on|phone&#8220; max_width=&#8220;100%&#8220; max_width_tablet=&#8220;100%&#8220; max_width_phone=&#8220;&#8220; max_width_last_edited=&#8220;on|desktop&#8220; module_alignment=&#8220;left&#8220; height=&#8220;401px&#8220; custom_padding=&#8220;0px||0px|&#8220; animation_style=&#8220;slide&#8220; animation_direction=&#8220;top&#8220; animation_intensity_slide=&#8220;3%&#8220; make_fullwidth=&#8220;on&#8220;][et_pb_column type=&#8220;2_5&#8243; _builder_version=&#8220;3.25&#8243; custom_padding=&#8220;10%|8%|10%|8%&#8220; custom_padding__hover=&#8220;|||&#8220;][\/et_pb_column][et_pb_column type=&#8220;3_5&#8243; _builder_version=&#8220;4.4.8&#8243;][et_pb_text admin_label=&#8220;Title&#8220; _builder_version=&#8220;4.4.8&#8243; text_font=&#8220;Seaweed Script||||||||&#8220; text_text_color=&#8220;#ffffff&#8220; text_font_size=&#8220;100px&#8220; text_line_height=&#8220;1.9em&#8220; header_font=&#8220;||||||||&#8220; header_2_font=&#8220;Montserrat|700||on|||||&#8220; header_2_font_size=&#8220;42px&#8220; header_2_line_height=&#8220;1.3em&#8220; positioning=&#8220;relative&#8220; vertical_offset=&#8220;610px&#8220; horizontal_offset=&#8220;-359px&#8220; z_index=&#8220;0&#8243; max_width=&#8220;739px&#8220; module_alignment=&#8220;center&#8220; animation_style=&#8220;slide&#8220; animation_direction=&#8220;bottom&#8220; animation_intensity_slide=&#8220;4%&#8220; inline_fonts=&#8220;Seaweed Script&#8220;]<\/p>\n<p>Leben ist Bewegung<\/p>\n<p>[\/et_pb_text][\/et_pb_column][\/et_pb_row][et_pb_row _builder_version=&#8220;4.4.8&#8243; min_height=&#8220;33px&#8220; border_color_all=&#8220;#e09900&#8243; border_width_bottom=&#8220;2px&#8220;][et_pb_column type=&#8220;4_4&#8243; _builder_version=&#8220;4.4.8&#8243;][et_pb_accordion _builder_version=&#8220;4.4.8&#8243;][\/et_pb_accordion][et_pb_text disabled_on=&#8220;off|on|on&#8220; admin_label=&#8220;Title&#8220; _builder_version=&#8220;4.4.8&#8243; text_font=&#8220;Seaweed Script|700|||||||&#8220; text_text_color=&#8220;#ffffff&#8220; text_font_size=&#8220;54px&#8220; text_line_height=&#8220;1.9em&#8220; header_font=&#8220;||||||||&#8220; header_2_font=&#8220;Montserrat|700||on|||||&#8220; header_2_font_size=&#8220;42px&#8220; header_2_line_height=&#8220;1.3em&#8220; positioning=&#8220;absolute&#8220; vertical_offset=&#8220;860px&#8220; horizontal_offset=&#8220;-380px&#8220; z_index=&#8220;21&#8243; width=&#8220;100%&#8220; max_width=&#8220;438px&#8220; animation_style=&#8220;slide&#8220; animation_direction=&#8220;bottom&#8220; animation_intensity_slide=&#8220;4%&#8220; locked=&#8220;off&#8220; inline_fonts=&#8220;Seaweed Script&#8220;]<\/p>\n<p>Leben ist Bewegung<\/p>\n<p>[\/et_pb_text][\/et_pb_column][\/et_pb_row][et_pb_row column_structure=&#8220;1_2,1_2&#8243; admin_label=&#8220;Service Section Title&#8220; _builder_version=&#8220;4.4.8&#8243; width=&#8220;100%&#8220; module_alignment=&#8220;center&#8220; custom_margin=&#8220;|auto|40px|144px||&#8220; animation_style=&#8220;fade&#8220; animation_direction=&#8220;top&#8220; saved_tabs=&#8220;all&#8220;][et_pb_column type=&#8220;1_2&#8243; _builder_version=&#8220;4.4.8&#8243;][et_pb_image src=&#8220;http:\/\/physio-am-rhein.de\/wp-content\/uploads\/2016\/05\/physioamrhein_logo.png&#8220; title_text=&#8220;physioamrhein_logo&#8220; _builder_version=&#8220;4.4.8&#8243; width=&#8220;38%&#8220; module_alignment=&#8220;center&#8220;][\/et_pb_image][\/et_pb_column][et_pb_column type=&#8220;1_2&#8243; _builder_version=&#8220;3.25&#8243; custom_padding=&#8220;|||&#8220; custom_padding__hover=&#8220;|||&#8220;][et_pb_text admin_label=&#8220;Subtitle&#8220; _builder_version=&#8220;4.4.8&#8243; text_font=&#8220;Montserrat||||&#8220; text_text_color=&#8220;#000000&#8243; text_font_size=&#8220;16px&#8220; text_line_height=&#8220;1.8em&#8220; header_font=&#8220;||||||||&#8220; text_orientation=&#8220;center&#8220; max_width=&#8220;700px&#8220; module_alignment=&#8220;center&#8220; custom_margin=&#8220;0px||||false|false&#8220; custom_padding=&#8220;19px|4px||4px|false|true&#8220; animation_style=&#8220;slide&#8220; animation_direction=&#8220;bottom&#8220; animation_delay=&#8220;100ms&#8220; animation_intensity_slide=&#8220;4%&#8220; border_radii=&#8220;on|13px|13px|13px|13px&#8220; inline_fonts=&#8220;Comfortaa,Dr Sugiyama,Bad Script,Seaweed Script&#8220;]<\/p>\n<p style=\"text-align: left;\"><span style=\"color: #01004c; font-family: 'Seaweed Script'; font-weight: normal; font-size: xx-large;\"><strong>Willkommen in unserer Praxis<\/strong><\/span><\/p>\n<p style=\"text-align: left;\"><strong>Sie suchen eine Praxis, die individuell und ganzheitlich auf Ihre Beschwerden eingeht?<\/strong><\/p>\n<p style=\"text-align: left;\"><strong style=\"font-size: 16px;\">Dann sind Sie bei uns genau richtig.<\/strong><span style=\"font-size: 16px;\">\u00a0<br \/>Unsere Praxis befindet sich bereits seit 2016 im Zentrum von Grimlinghausen und seit Mai 2021 in neuen Praxisr\u00e4umen unweit der alten R\u00e4umlichkeiten.\u00a0<\/span><\/p>\n<p style=\"text-align: left;\">Hier finden Sie Qualit\u00e4t mit Herz.\u00a0<span style=\"font-size: 16px;\">Wir bieten Ihnen ein freundliches, hochqualifiziertes Team und sind stets bem\u00fcht Ihnen in famili\u00e4rer Atmosph\u00e4re die bestm\u00f6gliche Behandlung zu bieten.\u00a0<\/span><span style=\"font-size: 16px;\">Daf\u00fcr ist uns nicht nur eine ausf\u00fchrliche Befundung wichtig, sondern auch die Betreuung durch einen Therapeuten, der Ihnen von Anfang an zur Seite steht. <\/span><span style=\"font-size: 16px;\">\u00a0<\/span><\/p>\n<p style=\"text-align: left;\"><span style=\"font-size: 16px;\"><\/span><\/p>\n<p style=\"text-align: left;\"><b>Wir freuen uns auf Sie..<\/b>.<\/p>\n<p style=\"text-align: left;\"><span style=\"font-family: 'Seaweed Script'; font-weight: normal; font-size: xx-large;\"><strong>Tim Lindenlauf<\/strong><\/span><\/p>\n<p style=\"text-align: left;\"><strong style=\"font-size: 16px;\">Physio am Rhein<\/strong><\/p>\n<p>[\/et_pb_text][\/et_pb_column][\/et_pb_row][et_pb_row _builder_version=&#8220;4.4.8&#8243;][et_pb_column type=&#8220;4_4&#8243; _builder_version=&#8220;4.4.8&#8243;][et_pb_testimonial author=&#8220;Ihr Praxis Team&#8220; portrait_url=&#8220;http:\/\/physio-am-rhein.de\/wp-content\/uploads\/2020\/07\/virus_picto.jpg&#8220; _builder_version=&#8220;4.4.8&#8243; body_font=&#8220;Montserrat||||||||&#8220; author_font=&#8220;Montserrat|700|||||||&#8220; border_radii_portrait=&#8220;off|90px|90px|90px|90px&#8220;]<\/p>\n<p><strong>CORONA INFORMATION PHYSIO am RHEIN<\/strong><\/p>\n<p><strong>Wir sind weiterhin f\u00fcr Sie da!<\/strong><\/p>\n<p><span>Um Sie und unsere Mitarbeiter zu sch\u00fctzen\u00a0<\/span><span>bitten wir Sie in unserer Praxis einen Mund-Nasen-Schutz zu tragen.<\/span><\/p>\n<p><span>Da wir mit vielen Menschen Kontakt haben, darunter auch \u00e4ltere und chronisch kranke, bitten wir Sie Ihren Termin zu verschieben, sollten Sie sich krank f\u00fchlen oder unter Erk\u00e4ltungssymptomen leiden.<\/span><\/p>\n<p><span>In unserer Praxis ist uns ein hoher Hygienestandard generell sehr wichtig.<\/span><br \/> <span>Dazu geh\u00f6rt die Bereitstellung von Desinfektionsmittel f\u00fcr unsere Patienten und Mitarbeiter, die regelm\u00e4\u00dfige H\u00e4nde-desinfektion vor und nach jeder Behandlung, sowie die regelm\u00e4\u00dfige Desinfektion und Reinigung der Therapieliegen und verwendeter Therapiematerialien.<\/span><\/p>\n<p>[\/et_pb_testimonial][\/et_pb_column][\/et_pb_row][\/et_pb_section][et_pb_section fb_built=&#8220;1&#8243; admin_label=&#8220;Popup&#8220; module_class=&#8220;popup close-alt with-loader&#8220; _builder_version=&#8220;4.4.8&#8243; use_background_color_gradient=&#8220;on&#8220; hover_enabled=&#8220;0&#8243; da_is_popup=&#8220;on&#8220; da_alt_close=&#8220;on&#8220; da_with_loader=&#8220;on&#8220; da_disable_devices=&#8220;on|off|off&#8220; module_id=&#8220;Popup&#8220; da_popup_slug=&#8220;Popup&#8220; da_exit_intent=&#8220;off&#8220; da_has_close=&#8220;on&#8220; da_dark_close=&#8220;off&#8220; da_not_modal=&#8220;on&#8220; da_is_singular=&#8220;off&#8220; da_has_shadow=&#8220;on&#8220;][et_pb_row _builder_version=&#8220;4.4.8&#8243;][et_pb_column type=&#8220;4_4&#8243; _builder_version=&#8220;4.4.8&#8243;][et_pb_image src=&#8220;http:\/\/physio-am-rhein.de\/wp-content\/uploads\/2023\/05\/Pop_Up_Tim.jpg&#8220; title_text=&#8220;Pop_Up_Tim&#8220; align=&#8220;center&#8220; _builder_version=&#8220;4.4.8&#8243;][\/et_pb_image][\/et_pb_column][\/et_pb_row][\/et_pb_section][et_pb_section fb_built=&#8220;1&#8243; admin_label=&#8220;Popup &#8211; (unnamed)&#8220; module_class=&#8220;popup close-alt with-loader&#8220; _builder_version=&#8220;4.4.8&#8243; use_background_color_gradient=&#8220;on&#8220; hover_enabled=&#8220;0&#8243; da_is_popup=&#8220;on&#8220; da_has_close=&#8220;on&#8220; da_alt_close=&#8220;on&#8220; da_with_loader=&#8220;on&#8220; da_disable_devices=&#8220;off|on|on&#8220; da_exit_intent=&#8220;off&#8220; da_dark_close=&#8220;off&#8220; da_not_modal=&#8220;on&#8220; da_is_singular=&#8220;off&#8220; da_has_shadow=&#8220;on&#8220;][et_pb_row _builder_version=&#8220;4.4.8&#8243;][et_pb_column type=&#8220;4_4&#8243; _builder_version=&#8220;4.4.8&#8243;][et_pb_image src=&#8220;http:\/\/physio-am-rhein.de\/wp-content\/uploads\/2023\/05\/Pop_Up_Tim_mobil.jpg&#8220; title_text=&#8220;Pop_Up_Tim_mobil&#8220; align=&#8220;center&#8220; _builder_version=&#8220;4.4.8&#8243;][\/et_pb_image][\/et_pb_column][\/et_pb_row][\/et_pb_section]<\/p>\n","protected":false},"excerpt":{"rendered":"<p>[et_pb_section fb_built=&#8220;1&#8243; admin_label=&#8220;Service Section&#8220; _builder_version=&#8220;4.4.8&#8243; background_color=&#8220;rgba(0,0,0,0)&#8220; background_image=&#8220;http:\/\/physio-am-rhein.de\/wp-content\/uploads\/2020\/06\/circle-background-pattern.png&#8220; parallax=&#8220;on&#8220; custom_margin=&#8220;||18px|||&#8220; custom_padding=&#8220;0px||98px||false|false&#8220; da_disable_devices=&#8220;off|off|off&#8220; da_is_popup=&#8220;off&#8220; da_exit_intent=&#8220;off&#8220; da_has_close=&#8220;on&#8220; da_alt_close=&#8220;off&#8220; da_dark_close=&#8220;off&#8220; da_not_modal=&#8220;on&#8220; da_is_singular=&#8220;off&#8220; da_with_loader=&#8220;off&#8220; da_has_shadow=&#8220;on&#8220;][et_pb_row column_structure=&#8220;1_3,1_3,1_3&#8243; use_custom_gutter=&#8220;on&#8220; gutter_width=&#8220;1&#8243; make_equal=&#8220;on&#8220; disabled_on=&#8220;on|off|off&#8220; module_class=&#8220; et_pb_row_fullwidth&#8220; _builder_version=&#8220;4.4.8&#8243; background_color=&#8220;rgba(0,0,0,0)&#8220; background_image=&#8220;http:\/\/physio-am-rhein.de\/wp-content\/uploads\/2021\/09\/Startseite-scaled.jpg&#8220; width=&#8220;100%&#8220; width_tablet=&#8220;100%&#8220; width_phone=&#8220;&#8220; width_last_edited=&#8220;on|desktop&#8220; max_width=&#8220;100%&#8220; max_width_tablet=&#8220;100%&#8220; max_width_phone=&#8220;&#8220; max_width_last_edited=&#8220;on|desktop&#8220; module_alignment=&#8220;left&#8220; height=&#8220;800px&#8220; custom_padding=&#8220;0px||0px|&#8220; animation_style=&#8220;slide&#8220; animation_direction=&#8220;top&#8220; animation_intensity_slide=&#8220;3%&#8220; make_fullwidth=&#8220;on&#8220;][et_pb_column type=&#8220;1_3&#8243; _builder_version=&#8220;3.25&#8243; custom_padding=&#8220;10%|8%|10%|8%&#8220; custom_padding__hover=&#8220;|||&#8220;][\/et_pb_column][et_pb_column type=&#8220;1_3&#8243; _builder_version=&#8220;4.4.8&#8243;][\/et_pb_column][et_pb_column type=&#8220;1_3&#8243; _builder_version=&#8220;4.4.8&#8243;][et_pb_text admin_label=&#8220;Title&#8220; _builder_version=&#8220;4.4.8&#8243; [&hellip;]<\/p>\n","protected":false},"author":4,"featured_media":0,"parent":0,"menu_order":0,"comment_status":"closed","ping_status":"closed","template":"","meta":{"_et_pb_use_builder":"on","_et_pb_old_content":"","_et_gb_content_width":"","footnotes":""},"class_list":["post-117","page","type-page","status-publish","hentry"],"_links":{"self":[{"href":"https:\/\/physio-am-rhein.de\/index.php?rest_route=\/wp\/v2\/pages\/117","targetHints":{"allow":["GET"]}}],"collection":[{"href":"https:\/\/physio-am-rhein.de\/index.php?rest_route=\/wp\/v2\/pages"}],"about":[{"href":"https:\/\/physio-am-rhein.de\/index.php?rest_route=\/wp\/v2\/types\/page"}],"author":[{"embeddable":true,"href":"https:\/\/physio-am-rhein.de\/index.php?rest_route=\/wp\/v2\/users\/4"}],"replies":[{"embeddable":true,"href":"https:\/\/physio-am-rhein.de\/index.php?rest_route=%2Fwp%2Fv2%2Fcomments&post=117"}],"version-history":[{"count":46,"href":"https:\/\/physio-am-rhein.de\/index.php?rest_route=\/wp\/v2\/pages\/117\/revisions"}],"predecessor-version":[{"id":633,"href":"https:\/\/physio-am-rhein.de\/index.php?rest_route=\/wp\/v2\/pages\/117\/revisions\/633"}],"wp:attachment":[{"href":"https:\/\/physio-am-rhein.de\/index.php?rest_route=%2Fwp%2Fv2%2Fmedia&parent=117"}],"curies":[{"name":"wp","href":"https:\/\/api.w.org\/{rel}","templated":true}]}}